{"id":1256,"date":"2020-08-19T07:25:05","date_gmt":"2020-08-19T07:25:05","guid":{"rendered":"http:\/\/demo.ovathemes.com\/egovt\/?page_id=1256"},"modified":"2026-04-14T11:58:17","modified_gmt":"2026-04-14T08:58:17","slug":"iletisim","status":"publish","type":"page","link":"https:\/\/www.geleceginehali.org\/iletisim\/","title":{"rendered":"\u0130leti\u015fim"},"content":{"rendered":"\t\t<div data-elementor-type=\"wp-page\" data-elementor-id=\"1256\" class=\"elementor elementor-1256\" data-elementor-post-type=\"page\">\n\t\t\t\t<div class=\"elementor-element elementor-element-4eee6aa e-con-full e-flex e-con e-parent\" data-id=\"4eee6aa\" data-element_type=\"container\" data-e-type=\"container\">\n\t\t<div class=\"elementor-element elementor-element-53e18c5 e-con-full e-flex e-con e-child\" data-id=\"53e18c5\" data-element_type=\"container\" data-e-type=\"container\">\n\t\t\t\t\t\t\t<h2 \n\t\tdata-interaction-id=\"e0f0424\" \n\t\tclass=\"e-e0f0424-8481068 e-heading-base\" \n\t\t \n\t\tdata-e-type=\"widget\" data-id=\"e0f0424\"\n\t>\n\t\n\t\t\tB\u0130L\u0130MSEL SEKRETARYA\n\t\t<\/h2>\n\t\t\t\t\t\t\t\n\t\t<img class=\"e-image-base e-4f927fe-d4fa4e2\" \n\t\t\t\t\tdata-interaction-id=\"4f927fe\" \n\t\t \n\t\t data-e-type=\"widget\" data-id=\"4f927fe\"\n\t\t\t\t\t\t\t\t\tid=\"5587\"\n\t\t\t\t\t\t\t\t\t\t\t\tsrc=\"https:\/\/www.geleceginehali.org\/wp-content\/uploads\/2020\/07\/contact-pharmetic.png\"\n\t\t\t\t\t\t\t\t\t\t\t\twidth=\"400\"\n\t\t\t\t\t\t\t\t\t\t\t\theight=\"150\"\n\t\t\t\t\t\t\t\t\t\t\t\tsrcset=\"\"\n\t\t\t\t\t\t\t\t\t\t\t\talt=\"\"\n\t\t\t\t\t\t\/>\n\t\t\t\t\t\t\t\t\t<p class=\"e-61485fd-e1ff393 e-paragraph-base\" data-interaction-id=\"61485fd\"  data-e-type=\"widget\" data-id=\"61485fd\" >\n\t\t\t\t\t\t\t\t<strong>Pharmetic Giri\u015fimci Eczac\u0131lar Derne\u011fi<\/strong>\n\t\t\t\t\t<\/p>\n\t\t\t\t\t\t\t\t<p class=\"e-b954c95-75a503e e-paragraph-base\" data-interaction-id=\"b954c95\"  data-e-type=\"widget\" data-id=\"b954c95\" >\n\t\t\t\t\t\t\t\t\u0130\u00e7erenk\u00f6y Mah. Top\u00e7u \u0130brahim Sok.&nbsp;<br>No:9 K:5 D:11 \u2013 34572 \u2013 \u0130STANBUL\n\t\t\t\t\t<\/p>\n\t\t\t\t\t\t\t\t<p class=\"e-af8e968-2f8f4cc e-paragraph-base\" data-interaction-id=\"af8e968\"  data-e-type=\"widget\" data-id=\"af8e968\" >\n\t\t\t\t\t\t\t\tTel: 0216 450 12 71\n\t\t\t\t\t<\/p>\n\t\t\t\t\t\t\t\t<p class=\"e-c77e4ff-2e8be69 e-paragraph-base\" data-interaction-id=\"c77e4ff\"  data-e-type=\"widget\" data-id=\"c77e4ff\" >\n\t\t\t\t\t\t\t\t<a target=\"_blank\" href=\"mailto:info@pharmetic.org\">info@pharmetic.org<\/a>\n\t\t\t\t\t<\/p>\n\t\t\t\t\t\t\t\t<p class=\"e-2a7061f-23604b1 e-paragraph-base\" data-interaction-id=\"2a7061f\"  data-e-type=\"widget\" data-id=\"2a7061f\" >\n\t\t\t\t\t\t\t\t<a target=\"_blank\" href=\"http:\/\/www.pharmetic.org\">www.pharmetic.org<\/a>\n\t\t\t\t\t<\/p>\n\t\t\t\t<\/div>\n\t\t<div class=\"elementor-element elementor-element-65a905e e-con-full e-flex e-con e-child\" data-id=\"65a905e\" data-element_type=\"container\" data-e-type=\"container\">\n\t\t\t\t\t\t\t<h2 \n\t\tdata-interaction-id=\"a431430\" \n\t\tclass=\"e-a431430-6a9097f e-heading-base\" \n\t\t \n\t\tdata-e-type=\"widget\" data-id=\"a431430\"\n\t>\n\t\n\t\t\tORGAN\u0130ZASYON  SEKRETARYASI\n\t\t<\/h2>\n\t\t\t\t\t\t\t\n\t\t<img class=\"e-image-base e-32ab83f-6736f25\" \n\t\t\t\t\tdata-interaction-id=\"32ab83f\" \n\t\t \n\t\t data-e-type=\"widget\" data-id=\"32ab83f\"\n\t\t\t\t\t\t\t\t\tid=\"7171\"\n\t\t\t\t\t\t\t\t\t\t\t\tsrc=\"https:\/\/www.geleceginehali.org\/wp-content\/uploads\/2026\/04\/dmr20w.png\"\n\t\t\t\t\t\t\t\t\t\t\t\twidth=\"1031\"\n\t\t\t\t\t\t\t\t\t\t\t\theight=\"425\"\n\t\t\t\t\t\t\t\t\t\t\t\tsrcset=\"https:\/\/www.geleceginehali.org\/wp-content\/uploads\/2026\/04\/dmr20w.png 1031w, https:\/\/www.geleceginehali.org\/wp-content\/uploads\/2026\/04\/dmr20w-300x124.png 300w, https:\/\/www.geleceginehali.org\/wp-content\/uploads\/2026\/04\/dmr20w-1024x422.png 1024w, https:\/\/www.geleceginehali.org\/wp-content\/uploads\/2026\/04\/dmr20w-768x317.png 768w, https:\/\/www.geleceginehali.org\/wp-content\/uploads\/2026\/04\/dmr20w-600x247.png 600w, https:\/\/www.geleceginehali.org\/wp-content\/uploads\/2026\/04\/dmr20w-560x231.png 560w\"\n\t\t\t\t\t\t\t\t\t\t\t\talt=\"\"\n\t\t\t\t\t\t\/>\n\t\t\t\t\t\t\t\t\t<p class=\"e-0edd5ea-2d2da61 e-paragraph-base\" data-interaction-id=\"0edd5ea\"  data-e-type=\"widget\" data-id=\"0edd5ea\" >\n\t\t\t\t\t\t\t\tDMR Kongre Organizasyon Hizmetleri Tur. A \u015e.\n\t\t\t\t\t<\/p>\n\t\t\t\t\t\t\t\t<p class=\"e-be7fda3-69e7df4 e-paragraph-base\" data-interaction-id=\"be7fda3\"  data-e-type=\"widget\" data-id=\"be7fda3\" >\n\t\t\t\t\t\t\t\tHollanda Cad. 696. Sok. No: 22\/9-10<br>Y\u0131ld\u0131z \u2013 \u00c7ankaya \/ ANKARA\n\t\t\t\t\t<\/p>\n\t\t\t\t\t\t\t\t<p class=\"e-db31ca4-a0f3e2c e-paragraph-base\" data-interaction-id=\"db31ca4\"  data-e-type=\"widget\" data-id=\"db31ca4\" >\n\t\t\t\t\t\t\t\tTel: 0 312 442 01 50\n\t\t\t\t\t<\/p>\n\t\t\t\t\t\t\t\t<p class=\"e-43b2b32-31cd821 e-paragraph-base\" data-interaction-id=\"43b2b32\"  data-e-type=\"widget\" data-id=\"43b2b32\" >\n\t\t\t\t\t\t\t\t<a target=\"_blank\" href=\"mailto:antalyaultrasound@dmrturizm.com.tr\">geleceginehali@dmrturizm.com.tr<\/a>\n\t\t\t\t\t<\/p>\n\t\t\t\t\t\t\t\t<p class=\"e-c6c5bdf-f2f9544 e-paragraph-base\" data-interaction-id=\"c6c5bdf\"  data-e-type=\"widget\" data-id=\"c6c5bdf\" >\n\t\t\t\t\t\t\t\t<a target=\"_blank\" href=\"http:\/\/www.pharmetic.org\">www.dmrturizm.com.tr<\/a>\n\t\t\t\t\t<\/p>\n\t\t\t\t<\/div>\n\t\t\t\t<\/div>\n\t\t\t\t<\/div>\n\t\t","protected":false},"excerpt":{"rendered":"<p>B\u0130L\u0130MSEL SEKRETARYA Pharmetic Giri\u015fimci Eczac\u0131lar Derne\u011fi \u0130\u00e7erenk\u00f6y Mah. Top\u00e7u \u0130brahim Sok.&nbsp;No:9 K:5 D:11 \u2013 34572 \u2013 \u0130STANBUL Tel: 0216 450 12 71 info@pharmetic.org www.pharmetic.org ORGAN\u0130ZASYON SEKRETARYASI DMR Kongre Organizasyon Hizmetleri Tur. A \u015e. Hollanda Cad. 696. Sok. No: 22\/9-10Y\u0131ld\u0131z \u2013 \u00c7ankaya \/ ANKARA Tel: 0 312 442 01 50 geleceginehali@dmrturizm.com.tr www.dmrturizm.com.tr<\/p>\n","protected":false},"author":1,"featured_media":5552,"parent":0,"menu_order":0,"comment_status":"closed","ping_status":"closed","template":"elementor_header_footer","meta":{"footnotes":""},"class_list":["post-1256","page","type-page","status-publish","has-post-thumbnail","hentry"],"_links":{"self":[{"href":"https:\/\/www.geleceginehali.org\/wp-json\/wp\/v2\/pages\/1256","targetHints":{"allow":["GET"]}}],"collection":[{"href":"https:\/\/www.geleceginehali.org\/wp-json\/wp\/v2\/pages"}],"about":[{"href":"https:\/\/www.geleceginehali.org\/wp-json\/wp\/v2\/types\/page"}],"author":[{"embeddable":true,"href":"https:\/\/www.geleceginehali.org\/wp-json\/wp\/v2\/users\/1"}],"replies":[{"embeddable":true,"href":"https:\/\/www.geleceginehali.org\/wp-json\/wp\/v2\/comments?post=1256"}],"version-history":[{"count":54,"href":"https:\/\/www.geleceginehali.org\/wp-json\/wp\/v2\/pages\/1256\/revisions"}],"predecessor-version":[{"id":7177,"href":"https:\/\/www.geleceginehali.org\/wp-json\/wp\/v2\/pages\/1256\/revisions\/7177"}],"wp:featuredmedia":[{"embeddable":true,"href":"https:\/\/www.geleceginehali.org\/wp-json\/wp\/v2\/media\/5552"}],"wp:attachment":[{"href":"https:\/\/www.geleceginehali.org\/wp-json\/wp\/v2\/media?parent=1256"}],"curies":[{"name":"wp","href":"https:\/\/api.w.org\/{rel}","templated":true}]}}