{"id":2520,"date":"2020-10-19T08:56:27","date_gmt":"2020-10-19T08:56:27","guid":{"rendered":"http:\/\/demo.ovathemes.com\/egovt\/?page_id=2520"},"modified":"2026-04-13T13:28:11","modified_gmt":"2026-04-13T10:28:11","slug":"home-3","status":"publish","type":"page","link":"https:\/\/www.geleceginehali.org\/","title":{"rendered":"Ana Sayfa"},"content":{"rendered":"\t\t<div data-elementor-type=\"wp-page\" data-elementor-id=\"2520\" class=\"elementor elementor-2520\" data-elementor-post-type=\"page\">\n\t\t\t\t<div class=\"elementor-element elementor-element-84a535d e-con-full e-flex e-con e-parent\" data-id=\"84a535d\" data-element_type=\"container\" data-e-type=\"container\" data-settings=\"{&quot;background_background&quot;:&quot;classic&quot;}\">\n\t\t\t\t<\/div>\n\t\t<div class=\"elementor-element elementor-element-13032f2 e-flex e-con-boxed e-con e-parent\" data-id=\"13032f2\" data-element_type=\"container\" data-e-type=\"container\" data-settings=\"{&quot;background_background&quot;:&quot;classic&quot;}\">\n\t\t\t\t\t<div class=\"e-con-inner\">\n\t\t<div class=\"elementor-element elementor-element-cae0f23 e-con-full e-flex e-con e-child\" data-id=\"cae0f23\" data-element_type=\"container\" data-e-type=\"container\" data-settings=\"{&quot;background_background&quot;:&quot;classic&quot;}\">\n\t\t\t\t<div class=\"elementor-element elementor-element-b4018e1 elementor-widget elementor-widget-heading\" data-id=\"b4018e1\" data-element_type=\"widget\" data-e-type=\"widget\" data-widget_type=\"heading.default\">\n\t\t\t\t\t<h2 class=\"elementor-heading-title elementor-size-default\">De\u011ferli Dostlar\u0131m\u0131z,\n\n<\/h2>\t\t\t\t<\/div>\n\t\t\t\t<div class=\"elementor-element elementor-element-8840303 elementor-widget elementor-widget-text-editor\" data-id=\"8840303\" data-element_type=\"widget\" data-e-type=\"widget\" data-widget_type=\"text-editor.default\">\n\t\t\t\t\t\t\t\t\t<p>Gelece\u011fe at\u0131lacak olan ilk ad\u0131m\u0131n cesaretini, eczaneleri her zaman bir ad\u0131m ileriye ta\u015f\u0131yacak olman\u0131n kararl\u0131l\u0131\u011f\u0131n\u0131 ve dokundu\u011fumuz t\u00fcm ya\u015famlara hep daha iyi gelebilmenin inanc\u0131n\u0131 i\u00e7imizde ta\u015f\u0131yoruz. Birlikte daha iyi bir gelecek kurabilmek i\u00e7in gereken t\u00fcm g\u00fcc\u00fcn bizde oldu\u011funu biliyor, kendi g\u00fcc\u00fcm\u00fcze y\u00f6n verebildi\u011fimiz s\u00fcrece gelece\u011fi de \u015fekillendirece\u011fimizin fark\u0131nda olarak gelece\u011fe y\u00fcr\u00fcyoruz.<\/p><p>G\u00fc\u00e7l\u00fc y\u00f6nlerimizle ayr\u0131\u015f\u0131yor, farkl\u0131l\u0131klar\u0131m\u0131zla birle\u015fiyoruz. Sekt\u00f6rel markalarla birlikte, \u00f6rg\u00fctlenerek ataca\u011f\u0131m\u0131z ortak bir ad\u0131m\u0131n b\u00fcy\u00fck yank\u0131lar yarataca\u011f\u0131n\u0131 biliyor, bu birlikteli\u011fimize g\u00fcveniyoruz. Ger\u00e7ek ortakl\u0131klar kurarak g\u00fc\u00e7leniyor, yaratt\u0131\u011f\u0131m\u0131z bu g\u00fcc\u00fcn etkisiyle hep daha iyisini ba\u015farmak ad\u0131na yol al\u0131yoruz.<br \/>Bu kapsay\u0131c\u0131 de\u011fi\u015fimin, gelecek nesiller, farkl\u0131 alanlar ve t\u00fcm insanlar i\u00e7in ilham verici olmas\u0131n\u0131 umut ediyoruz. D\u00fcn ve yar\u0131n aras\u0131nda, zaman\u0131n etkisinin en ger\u00e7ek oldu\u011fu anday\u0131z. Zaman\u0131n de\u011ferini bilerek, daha iyi bir ya\u015fam, hayal etti\u011fimiz gelecek i\u00e7in ad\u0131mlar\u0131m\u0131z\u0131 ertelemeden yol al\u0131yoruz.<br \/>Pharmetic Giri\u015fimci Eczac\u0131lar Derne\u011fi (PGED) olarak; Eczac\u0131l\u0131kta \u00e7a\u011f\u0131n \u00f6tesine giden yolculu\u011fun anahtar\u0131n\u0131 elinde tutanlar\u0131 ve eczaneden gelece\u011fe a\u00e7\u0131lan kap\u0131dan ad\u0131m atanlar\u0131 tekrar bir araya getirece\u011fimiz, daha b\u00fcy\u00fck bir enerji ve daha b\u00fcy\u00fck bir kat\u0131l\u0131m ile ger\u00e7ekle\u015ftirmeyi planlad\u0131\u011f\u0131m\u0131z G\u00fcn\u00fcm\u00fcz\u00fcn En B\u00fcy\u00fck Eczac\u0131l\u0131k Bulu\u015fmas\u0131 \u201cGelece\u011fin E hali 2026\u201d, \u201c 22-23-24 Ekim 2026 tarihlerinde \u0130stanbul Kongre Merkezi (ICC)\u2019nde sizlerle olacak.<\/p><p>\u00c7a\u011f\u0131 yakalayan, yenili\u011fe kucak a\u00e7an, inovatif, payla\u015f\u0131mc\u0131, \u00f6rg\u00fctl\u00fc ve ileri g\u00f6r\u00fc\u015fl\u00fc bir yap\u0131yla \u201cbiz\u201d de\u011fi\u015fime haz\u0131r\u0131z. Etki alan\u0131 geni\u015f, herkesi de\u011fi\u015ftirecek, herkese iyi gelecek bir de\u011fi\u015fimin ba\u015flang\u0131\u00e7 noktas\u0131 olarak biz d\u00f6n\u00fc\u015f\u00fcme \u00f6nc\u00fcl\u00fck ediyor, sizi de de\u011fi\u015fimin par\u00e7as\u0131 olmaya davet ediyoruz.<\/p><p><strong>Ecz. \u015eule Dilek YA\u011eCI T\u00dcYS\u00dcZ<\/strong><br \/>Pharmetic Giri\u015fimci Eczac\u0131lar Derne\u011fi (PGED) Y\u00f6netim Kurulu Ba\u015fkan\u0131<\/p>\t\t\t\t\t\t\t\t<\/div>\n\t\t\t\t<\/div>\n\t\t<div class=\"elementor-element elementor-element-c9553bc e-con-full e-flex e-con e-child\" data-id=\"c9553bc\" data-element_type=\"container\" data-e-type=\"container\">\n\t\t<div class=\"elementor-element elementor-element-95bf19d e-con-full e-flex e-con e-child\" data-id=\"95bf19d\" data-element_type=\"container\" data-e-type=\"container\">\n\t\t\t\t<div class=\"elementor-element elementor-element-e12bee2 elementor-view-default elementor-position-block-start elementor-mobile-position-block-start elementor-widget elementor-widget-icon-box\" data-id=\"e12bee2\" data-element_type=\"widget\" data-e-type=\"widget\" data-widget_type=\"icon-box.default\">\n\t\t\t\t\t\t\t<div class=\"elementor-icon-box-wrapper\">\n\n\t\t\t\t\t\t<div class=\"elementor-icon-box-icon\">\n\t\t\t\t<span  class=\"elementor-icon\">\n\t\t\t\t<svg aria-hidden=\"true\" class=\"e-font-icon-svg e-fas-user-plus\" viewBox=\"0 0 640 512\" xmlns=\"http:\/\/www.w3.org\/2000\/svg\"><path d=\"M624 208h-64v-64c0-8.8-7.2-16-16-16h-32c-8.8 0-16 7.2-16 16v64h-64c-8.8 0-16 7.2-16 16v32c0 8.8 7.2 16 16 16h64v64c0 8.8 7.2 16 16 16h32c8.8 0 16-7.2 16-16v-64h64c8.8 0 16-7.2 16-16v-32c0-8.8-7.2-16-16-16zm-400 48c70.7 0 128-57.3 128-128S294.7 0 224 0 96 57.3 96 128s57.3 128 128 128zm89.6 32h-16.7c-22.2 10.2-46.9 16-72.9 16s-50.6-5.8-72.9-16h-16.7C60.2 288 0 348.2 0 422.4V464c0 26.5 21.5 48 48 48h352c26.5 0 48-21.5 48-48v-41.6c0-74.2-60.2-134.4-134.4-134.4z\"><\/path><\/svg>\t\t\t\t<\/span>\n\t\t\t<\/div>\n\t\t\t\n\t\t\t\t\t\t<div class=\"elementor-icon-box-content\">\n\n\t\t\t\t\t\t\t\t\t<h3 class=\"elementor-icon-box-title\">\n\t\t\t\t\t\t<span  >\n\t\t\t\t\t\t\tKAYIT\t\t\t\t\t\t<\/span>\n\t\t\t\t\t<\/h3>\n\t\t\t\t\n\t\t\t\t\t\t\t\t\t<p class=\"elementor-icon-box-description\">\n\t\t\t\t\t\tKay\u0131t olmak i\u00e7in t\u0131klay\u0131n.\t\t\t\t\t<\/p>\n\t\t\t\t\n\t\t\t<\/div>\n\t\t\t\n\t\t<\/div>\n\t\t\t\t\t\t<\/div>\n\t\t\t\t<div class=\"elementor-element elementor-element-aff15ca elementor-widget elementor-widget-button\" data-id=\"aff15ca\" data-element_type=\"widget\" data-e-type=\"widget\" data-widget_type=\"button.default\">\n\t\t\t\t\t\t\t\t\t\t<a class=\"elementor-button elementor-button-link elementor-size-sm elementor-animation-grow\" href=\"https:\/\/form.jotform.com\/dmrdestek\/geh2026-kayit\">\n\t\t\t\t\t\t<span class=\"elementor-button-content-wrapper\">\n\t\t\t\t\t\t\t\t\t<span class=\"elementor-button-text\">KAYIT<\/span>\n\t\t\t\t\t<\/span>\n\t\t\t\t\t<\/a>\n\t\t\t\t\t\t\t\t<\/div>\n\t\t\t\t<\/div>\n\t\t<div class=\"elementor-element elementor-element-e34054b e-con-full e-flex e-con e-child\" data-id=\"e34054b\" data-element_type=\"container\" data-e-type=\"container\">\n\t\t\t\t<div class=\"elementor-element elementor-element-66ec0f1 elementor-view-default elementor-position-block-start elementor-mobile-position-block-start elementor-widget elementor-widget-icon-box\" data-id=\"66ec0f1\" data-element_type=\"widget\" data-e-type=\"widget\" data-widget_type=\"icon-box.default\">\n\t\t\t\t\t\t\t<div class=\"elementor-icon-box-wrapper\">\n\n\t\t\t\t\t\t<div class=\"elementor-icon-box-icon\">\n\t\t\t\t<span  class=\"elementor-icon\">\n\t\t\t\t<svg aria-hidden=\"true\" class=\"e-font-icon-svg e-fas-user-plus\" viewBox=\"0 0 640 512\" xmlns=\"http:\/\/www.w3.org\/2000\/svg\"><path d=\"M624 208h-64v-64c0-8.8-7.2-16-16-16h-32c-8.8 0-16 7.2-16 16v64h-64c-8.8 0-16 7.2-16 16v32c0 8.8 7.2 16 16 16h64v64c0 8.8 7.2 16 16 16h32c8.8 0 16-7.2 16-16v-64h64c8.8 0 16-7.2 16-16v-32c0-8.8-7.2-16-16-16zm-400 48c70.7 0 128-57.3 128-128S294.7 0 224 0 96 57.3 96 128s57.3 128 128 128zm89.6 32h-16.7c-22.2 10.2-46.9 16-72.9 16s-50.6-5.8-72.9-16h-16.7C60.2 288 0 348.2 0 422.4V464c0 26.5 21.5 48 48 48h352c26.5 0 48-21.5 48-48v-41.6c0-74.2-60.2-134.4-134.4-134.4z\"><\/path><\/svg>\t\t\t\t<\/span>\n\t\t\t<\/div>\n\t\t\t\n\t\t\t\t\t\t<div class=\"elementor-icon-box-content\">\n\n\t\t\t\t\t\t\t\t\t<h3 class=\"elementor-icon-box-title\">\n\t\t\t\t\t\t<span  >\n\t\t\t\t\t\t\tPGED\t\t\t\t\t\t<\/span>\n\t\t\t\t\t<\/h3>\n\t\t\t\t\n\t\t\t\t\t\t\t\t\t<p class=\"elementor-icon-box-description\">\n\t\t\t\t\t\tDernek \u00fcye kayd\u0131 i\u015flemlerinizi \u0130stanbul Kongre Merkezi'ndeki kay\u0131t masas\u0131ndan tamamlayabilirsiniz.\t\t\t\t\t<\/p>\n\t\t\t\t\n\t\t\t<\/div>\n\t\t\t\n\t\t<\/div>\n\t\t\t\t\t\t<\/div>\n\t\t\t\t<\/div>\n\t\t\t\t<\/div>\n\t\t\t\t\t<\/div>\n\t\t\t\t<\/div>\n\t\t\t\t<\/div>\n\t\t","protected":false},"excerpt":{"rendered":"<p>De\u011ferli Dostlar\u0131m\u0131z, Gelece\u011fe at\u0131lacak olan ilk ad\u0131m\u0131n cesaretini, eczaneleri her zaman bir ad\u0131m ileriye ta\u015f\u0131yacak olman\u0131n kararl\u0131l\u0131\u011f\u0131n\u0131 ve dokundu\u011fumuz t\u00fcm ya\u015famlara hep daha iyi gelebilmenin inanc\u0131n\u0131 i\u00e7imizde ta\u015f\u0131yoruz. Birlikte daha iyi bir gelecek kurabilmek i\u00e7in gereken t\u00fcm g\u00fcc\u00fcn bizde oldu\u011funu biliyor, kendi g\u00fcc\u00fcm\u00fcze y\u00f6n verebildi\u011fimiz s\u00fcrece gelece\u011fi de \u015fekillendirece\u011fimizin fark\u0131nda olarak gelece\u011fe y\u00fcr\u00fcyoruz. G\u00fc\u00e7l\u00fc y\u00f6nlerimizle [&hellip;]<\/p>\n","protected":false},"author":1,"featured_media":0,"parent":0,"menu_order":0,"comment_status":"closed","ping_status":"closed","template":"elementor_header_footer","meta":{"footnotes":""},"class_list":["post-2520","page","type-page","status-publish","hentry"],"_links":{"self":[{"href":"https:\/\/www.geleceginehali.org\/wp-json\/wp\/v2\/pages\/2520","targetHints":{"allow":["GET"]}}],"collection":[{"href":"https:\/\/www.geleceginehali.org\/wp-json\/wp\/v2\/pages"}],"about":[{"href":"https:\/\/www.geleceginehali.org\/wp-json\/wp\/v2\/types\/page"}],"author":[{"embeddable":true,"href":"https:\/\/www.geleceginehali.org\/wp-json\/wp\/v2\/users\/1"}],"replies":[{"embeddable":true,"href":"https:\/\/www.geleceginehali.org\/wp-json\/wp\/v2\/comments?post=2520"}],"version-history":[{"count":163,"href":"https:\/\/www.geleceginehali.org\/wp-json\/wp\/v2\/pages\/2520\/revisions"}],"predecessor-version":[{"id":7157,"href":"https:\/\/www.geleceginehali.org\/wp-json\/wp\/v2\/pages\/2520\/revisions\/7157"}],"wp:attachment":[{"href":"https:\/\/www.geleceginehali.org\/wp-json\/wp\/v2\/media?parent=2520"}],"curies":[{"name":"wp","href":"https:\/\/api.w.org\/{rel}","templated":true}]}}